{"id":2,"date":"2010-06-25T21:55:16","date_gmt":"2010-06-25T21:55:16","guid":{"rendered":"http:\/\/csoka35.thz.hu\/?page_id=2"},"modified":"2012-04-15T20:43:56","modified_gmt":"2012-04-15T18:43:56","slug":"rolunk","status":"publish","type":"page","link":"https:\/\/csoka35.thz.hu\/index.php\/rolunk\/","title":{"rendered":"R\u00f3lunk"},"content":{"rendered":"<p>Cs\u00f3ka utca honlapja \u00e9s \u00e9lete. Blog form\u00e1ban, hozz\u00e1sz\u00f3lhat\u00f3 v\u00e1ltozatban. Kinek mikor jut esz\u00e9be valami ami lak\u00f3hely\u00fcnkkel kapcsolatos. Itt lehet besz\u00e9lgetni ideill\u0151 t\u00e9m\u00e1kkal kapcsolatban.<\/p>\n<p><iframe loading=\"lazy\" src=\"http:\/\/maps.google.com\/maps?f=d&amp;source=embed&amp;saddr=&amp;daddr=&amp;geocode=&amp;t=h&amp;hl=hu&amp;dirflg=w&amp;doflg=ptk&amp;mra=mr&amp;ie=UTF8&amp;hq=&amp;hnear=1115+Budapest,+XI.+ker%C3%BClet,+Cs%C3%B3ka+utca,+Magyarorsz%C3%A1g&amp;ll=47.471173,19.027116&amp;spn=0.00087,0.001717&amp;z=19&amp;output=embed\" frameborder=\"0\" marginwidth=\"0\" marginheight=\"0\" scrolling=\"no\" width=\"640\" height=\"480\"><\/iframe><br \/>\n<small><a style=\"color: #0000ff; text-align: left;\" href=\"http:\/\/maps.google.com\/maps?f=d&amp;source=embed&amp;saddr=&amp;daddr=&amp;geocode=&amp;t=h&amp;hl=hu&amp;dirflg=w&amp;doflg=ptk&amp;mra=mr&amp;ie=UTF8&amp;hq=&amp;hnear=1115+Budapest,+XI.+ker%C3%BClet,+Cs%C3%B3ka+utca,+Magyarorsz%C3%A1g&amp;ll=47.471173,19.027116&amp;spn=0.00087,0.001717&amp;z=19\">Nagyobb t\u00e9rk\u00e9pre v\u00e1lt\u00e1s<\/a><\/small><\/p>\n","protected":false},"excerpt":{"rendered":"<p>Cs\u00f3ka utca honlapja \u00e9s \u00e9lete. Blog form\u00e1ban, hozz\u00e1sz\u00f3lhat\u00f3 v\u00e1ltozatban. Kinek mikor jut esz\u00e9be valami ami lak\u00f3hely\u00fcnkkel kapcsolatos. Itt lehet besz\u00e9lgetni ideill\u0151 t\u00e9m\u00e1kkal kapcsolatban. Nagyobb t\u00e9rk\u00e9pre v\u00e1lt\u00e1s<\/p>\n","protected":false},"author":1,"featured_media":0,"parent":0,"menu_order":0,"comment_status":"closed","ping_status":"closed","template":"","meta":{"footnotes":""},"class_list":["post-2","page","type-page","status-publish","hentry"],"_links":{"self":[{"href":"https:\/\/csoka35.thz.hu\/index.php\/wp-json\/wp\/v2\/pages\/2","targetHints":{"allow":["GET"]}}],"collection":[{"href":"https:\/\/csoka35.thz.hu\/index.php\/wp-json\/wp\/v2\/pages"}],"about":[{"href":"https:\/\/csoka35.thz.hu\/index.php\/wp-json\/wp\/v2\/types\/page"}],"author":[{"embeddable":true,"href":"https:\/\/csoka35.thz.hu\/index.php\/wp-json\/wp\/v2\/users\/1"}],"replies":[{"embeddable":true,"href":"https:\/\/csoka35.thz.hu\/index.php\/wp-json\/wp\/v2\/comments?post=2"}],"version-history":[{"count":19,"href":"https:\/\/csoka35.thz.hu\/index.php\/wp-json\/wp\/v2\/pages\/2\/revisions"}],"predecessor-version":[{"id":167,"href":"https:\/\/csoka35.thz.hu\/index.php\/wp-json\/wp\/v2\/pages\/2\/revisions\/167"}],"wp:attachment":[{"href":"https:\/\/csoka35.thz.hu\/index.php\/wp-json\/wp\/v2\/media?parent=2"}],"curies":[{"name":"wp","href":"https:\/\/api.w.org\/{rel}","templated":true}]}}